{"id":1113,"date":"2021-04-08T14:04:54","date_gmt":"2021-04-08T14:04:54","guid":{"rendered":"https:\/\/maxundconsorten.de\/?page_id=1113"},"modified":"2021-05-19T16:13:47","modified_gmt":"2021-05-19T16:13:47","slug":"presse","status":"publish","type":"page","link":"https:\/\/maxundconsorten.de\/index.php\/presse\/","title":{"rendered":"Presse"},"content":{"rendered":"\t\t<div data-elementor-type=\"wp-page\" data-elementor-id=\"1113\" class=\"elementor elementor-1113\">\n\t\t\t\t\t\t\t\t\t<section data-particle_enable=\"false\" data-particle-mobile-disabled=\"false\" class=\"elementor-section elementor-top-section elementor-element elementor-element-23b5a35b elementor-section-boxed elementor-section-height-default elementor-section-height-default\" data-id=\"23b5a35b\" data-element_type=\"section\">\n\t\t\t\t\t\t<div class=\"elementor-container elementor-column-gap-default\">\n\t\t\t\t\t<div class=\"elementor-column elementor-col-100 elementor-top-column elementor-element elementor-element-7383a87a\" data-id=\"7383a87a\" data-element_type=\"column\">\n\t\t\t<div class=\"elementor-widget-wrap\">\n\t\t\t\t\t\t\t\t\t<\/div>\n\t\t<\/div>\n\t\t\t\t\t\t\t<\/div>\n\t\t<\/section>\n\t\t\t\t<section data-particle_enable=\"false\" data-particle-mobile-disabled=\"false\" class=\"elementor-section elementor-top-section elementor-element elementor-element-12be3952 elementor-section-height-min-height elementor-section-content-middle elementor-section-boxed elementor-section-height-default elementor-section-items-middle\" data-id=\"12be3952\" data-element_type=\"section\" data-settings=\"{&quot;background_background&quot;:&quot;classic&quot;}\">\n\t\t\t\t\t\t\t<div class=\"elementor-background-overlay\"><\/div>\n\t\t\t\t\t\t\t<div class=\"elementor-container elementor-column-gap-extended\">\n\t\t\t\t\t<div class=\"elementor-column elementor-col-100 elementor-top-column elementor-element elementor-element-18998655\" data-id=\"18998655\" data-element_type=\"column\">\n\t\t\t<div class=\"elementor-widget-wrap elementor-element-populated\">\n\t\t\t\t\t\t\t\t<div class=\"elementor-element elementor-element-631b7d7b elementor-invisible elementor-widget elementor-widget-heading\" data-id=\"631b7d7b\" data-element_type=\"widget\" data-settings=\"{&quot;_animation&quot;:&quot;fadeInUp&quot;,&quot;_animation_delay&quot;:200}\" data-widget_type=\"heading.default\">\n\t\t\t\t<div class=\"elementor-widget-container\">\n\t\t\t<h1 class=\"elementor-heading-title elementor-size-default\">Presseberichte \u00fcber das Max &amp; Consorten<\/h1>\t\t<\/div>\n\t\t\t\t<\/div>\n\t\t\t\t\t<\/div>\n\t\t<\/div>\n\t\t\t\t\t\t\t<\/div>\n\t\t<\/section>\n\t\t\t\t<section data-particle_enable=\"false\" data-particle-mobile-disabled=\"false\" class=\"elementor-section elementor-top-section elementor-element elementor-element-7b06e491 elementor-section-boxed elementor-section-height-default elementor-section-height-default\" data-id=\"7b06e491\" data-element_type=\"section\">\n\t\t\t\t\t\t<div class=\"elementor-container elementor-column-gap-default\">\n\t\t\t\t\t<div class=\"elementor-column elementor-col-100 elementor-top-column elementor-element elementor-element-5426863\" data-id=\"5426863\" data-element_type=\"column\">\n\t\t\t<div class=\"elementor-widget-wrap elementor-element-populated\">\n\t\t\t\t\t\t\t\t<div class=\"elementor-element elementor-element-b13f538 elementor-widget elementor-widget-text-editor\" data-id=\"b13f538\" data-element_type=\"widget\" data-widget_type=\"text-editor.default\">\n\t\t\t\t<div class=\"elementor-widget-container\">\n\t\t\t\t\t\t\t<p>\u00a0<\/p><p>\u00dcber das Max &amp; Co ist schon viel gesagt und geschrieben worden.<\/p><p>Hier ein paar aktuelle und \u00e4ltere Fundst\u00fccke:<\/p><p><a href=\"http:\/\/www.abendblatt.de\/hamburg\/article1585066\/Gentrifizierung-Aus-fuer-Kneipe-Max.html\" target=\"_blank\" rel=\"noopener\">Gentrifizierung: Aus f\u00fcr Kneipe \u201cMax&amp;Consorten<\/a>\u00a0(Hamburger Abendblatt)<\/p><p><a href=\"http:\/\/schaetzchen.blogsport.de\/2010\/07\/12\/max-und-consorten-schliesst\/\" target=\"_blank\" rel=\"noopener\">Max&amp;Consorten schliesst<\/a>\u00a0(From Town To Town)<\/p><p><a href=\"http:\/\/blog.hamburg-schanze.de\/2010\/08\/30\/max-und-consorten-diese-kneipe-in-st-georg-ist-unwiderruflich-kaputt\/\" target=\"_blank\" rel=\"noopener\">Diese Kneipe in St.Georg ist unwiderruflich kaputt<\/a>\u00a0(Schanzenblog)<\/p><p><a href=\"http:\/\/www.2mecs.de\/wp\/?p=1665\" target=\"_blank\" rel=\"noopener\">Nix mehr Max, nix Consorten<\/a>\u00a0(2mecs<span style=\"font-size: 20px;\">)<\/span><\/p>\t\t\t\t\t\t<\/div>\n\t\t\t\t<\/div>\n\t\t\t\t\t<\/div>\n\t\t<\/div>\n\t\t\t\t\t\t\t<\/div>\n\t\t<\/section>\n\t\t\t\t<section data-particle_enable=\"false\" data-particle-mobile-disabled=\"false\" class=\"elementor-section elementor-top-section elementor-element elementor-element-100d15b8 elementor-section-boxed elementor-section-height-default elementor-section-height-default\" data-id=\"100d15b8\" data-element_type=\"section\">\n\t\t\t\t\t\t<div class=\"elementor-container elementor-column-gap-default\">\n\t\t\t\t\t<div class=\"elementor-column elementor-col-100 elementor-top-column elementor-element elementor-element-0cc140c\" data-id=\"0cc140c\" data-element_type=\"column\">\n\t\t\t<div class=\"elementor-widget-wrap elementor-element-populated\">\n\t\t\t\t\t\t\t\t<div class=\"elementor-element elementor-element-d0ffe91 elementor-widget elementor-widget-video\" data-id=\"d0ffe91\" data-element_type=\"widget\" data-settings=\"{&quot;youtube_url&quot;:&quot;http:\\\/\\\/youtube.com\\\/watch?v=j-W75zIc5LU&quot;,&quot;start&quot;:23,&quot;video_type&quot;:&quot;youtube&quot;,&quot;controls&quot;:&quot;yes&quot;}\" data-widget_type=\"video.default\">\n\t\t\t\t<div class=\"elementor-widget-container\">\n\t\t\t\t\t<div class=\"elementor-wrapper elementor-open-inline\">\n\t\t\t<div class=\"elementor-video\"><\/div>\t\t<\/div>\n\t\t\t\t<\/div>\n\t\t\t\t<\/div>\n\t\t\t\t\t<\/div>\n\t\t<\/div>\n\t\t\t\t\t\t\t<\/div>\n\t\t<\/section>\n\t\t\t\t<section data-particle_enable=\"false\" data-particle-mobile-disabled=\"false\" class=\"elementor-section elementor-top-section elementor-element elementor-element-255f9b4b elementor-section-boxed elementor-section-height-default elementor-section-height-default\" data-id=\"255f9b4b\" data-element_type=\"section\">\n\t\t\t\t\t\t<div class=\"elementor-container elementor-column-gap-default\">\n\t\t\t\t\t<div class=\"elementor-column elementor-col-100 elementor-top-column elementor-element elementor-element-ab92a1f\" data-id=\"ab92a1f\" data-element_type=\"column\">\n\t\t\t<div class=\"elementor-widget-wrap elementor-element-populated\">\n\t\t\t\t\t\t\t\t<div class=\"elementor-element elementor-element-2ab7864 elementor-widget elementor-widget-image\" data-id=\"2ab7864\" data-element_type=\"widget\" data-widget_type=\"image.default\">\n\t\t\t\t<div class=\"elementor-widget-container\">\n\t\t\t\t\t\t\t\t\t\t\t\t<figure class=\"wp-caption\">\n\t\t\t\t\t\t\t\t\t\t<img fetchpriority=\"high\" decoding=\"async\" width=\"566\" height=\"466\" src=\"https:\/\/i0.wp.com\/maxundconsorten.de\/wp-content\/uploads\/2021\/04\/Mopo_040504-1.jpg?fit=566%2C466&amp;ssl=1\" class=\"attachment-large size-large wp-image-1124\" alt=\"\" srcset=\"https:\/\/i0.wp.com\/maxundconsorten.de\/wp-content\/uploads\/2021\/04\/Mopo_040504-1.jpg?w=566&amp;ssl=1 566w, https:\/\/i0.wp.com\/maxundconsorten.de\/wp-content\/uploads\/2021\/04\/Mopo_040504-1.jpg?resize=300%2C247&amp;ssl=1 300w\" sizes=\"(max-width: 566px) 100vw, 566px\" \/>\t\t\t\t\t\t\t\t\t\t\t<figcaption class=\"widget-image-caption wp-caption-text\">Mopo vom Mai 2004 anl\u00e4sslich des 25j\u00e4hrigen Jubil\u00e4ums von Max &amp; Co<\/figcaption>\n\t\t\t\t\t\t\t\t\t\t<\/figure>\n\t\t\t\t\t\t\t\t\t<\/div>\n\t\t\t\t<\/div>\n\t\t\t\t<div class=\"elementor-element elementor-element-304e403 elementor-widget elementor-widget-image\" data-id=\"304e403\" data-element_type=\"widget\" data-widget_type=\"image.default\">\n\t\t\t\t<div class=\"elementor-widget-container\">\n\t\t\t\t\t\t\t\t\t\t\t\t<figure class=\"wp-caption\">\n\t\t\t\t\t\t\t\t\t\t<img decoding=\"async\" width=\"566\" height=\"489\" src=\"https:\/\/i0.wp.com\/maxundconsorten.de\/wp-content\/uploads\/2021\/04\/Stalins-Augen.jpg?fit=566%2C489&amp;ssl=1\" class=\"attachment-large size-large wp-image-1123\" alt=\"\" srcset=\"https:\/\/i0.wp.com\/maxundconsorten.de\/wp-content\/uploads\/2021\/04\/Stalins-Augen.jpg?w=566&amp;ssl=1 566w, https:\/\/i0.wp.com\/maxundconsorten.de\/wp-content\/uploads\/2021\/04\/Stalins-Augen.jpg?resize=300%2C259&amp;ssl=1 300w\" sizes=\"(max-width: 566px) 100vw, 566px\" \/>\t\t\t\t\t\t\t\t\t\t\t<figcaption class=\"widget-image-caption wp-caption-text\">aus: \u201cStalins Augen\u201d von Ingvar Ambj\u00f6rnsen<\/figcaption>\n\t\t\t\t\t\t\t\t\t\t<\/figure>\n\t\t\t\t\t\t\t\t\t<\/div>\n\t\t\t\t<\/div>\n\t\t\t\t<div class=\"elementor-element elementor-element-a08c71d elementor-widget elementor-widget-image\" data-id=\"a08c71d\" data-element_type=\"widget\" data-widget_type=\"image.default\">\n\t\t\t\t<div class=\"elementor-widget-container\">\n\t\t\t\t\t\t\t\t\t\t\t\t<figure class=\"wp-caption\">\n\t\t\t\t\t\t\t\t\t\t<img decoding=\"async\" width=\"566\" height=\"721\" src=\"https:\/\/i0.wp.com\/maxundconsorten.de\/wp-content\/uploads\/2021\/04\/Artikel_Max_Blaetter-1.jpg?fit=566%2C721&amp;ssl=1\" class=\"attachment-large size-large wp-image-1122\" alt=\"\" srcset=\"https:\/\/i0.wp.com\/maxundconsorten.de\/wp-content\/uploads\/2021\/04\/Artikel_Max_Blaetter-1.jpg?w=566&amp;ssl=1 566w, https:\/\/i0.wp.com\/maxundconsorten.de\/wp-content\/uploads\/2021\/04\/Artikel_Max_Blaetter-1.jpg?resize=236%2C300&amp;ssl=1 236w\" sizes=\"(max-width: 566px) 100vw, 566px\" \/>\t\t\t\t\t\t\t\t\t\t\t<figcaption class=\"widget-image-caption wp-caption-text\">Bl\u00e4tter von St. Georg vom November 2003<\/figcaption>\n\t\t\t\t\t\t\t\t\t\t<\/figure>\n\t\t\t\t\t\t\t\t\t<\/div>\n\t\t\t\t<\/div>\n\t\t\t\t\t<\/div>\n\t\t<\/div>\n\t\t\t\t\t\t\t<\/div>\n\t\t<\/section>\n\t\t\t\t\t\t\t<\/div>\n\t\t","protected":false},"excerpt":{"rendered":"<p>Presseberichte \u00fcber das Max &amp; Consorten \u00a0 \u00dcber das Max &amp; Co ist schon viel gesagt und geschrieben worden. Hier ein paar aktuelle und \u00e4ltere Fundst\u00fccke: Gentrifizierung: Aus f\u00fcr Kneipe \u201cMax&amp;Consorten\u00a0(Hamburger Abendblatt) Max&amp;Consorten schliesst\u00a0(From Town To Town) Diese Kneipe in St.Georg ist unwiderruflich kaputt\u00a0(Schanzenblog) Nix mehr Max, nix Consorten\u00a0(2mecs) http:\/\/youtube.com\/watch?v=j-W75zIc5LU Mopo vom Mai 2004 anl\u00e4sslich &hellip;<\/p>\n<p class=\"read-more\"> <a class=\"\" href=\"https:\/\/maxundconsorten.de\/index.php\/presse\/\"> <span class=\"screen-reader-text\">Presse<\/span> Read More \u00bb<\/a><\/p>\n","protected":false},"author":1,"featured_media":0,"parent":0,"menu_order":0,"comment_status":"closed","ping_status":"closed","template":"","meta":{"site-sidebar-layout":"no-sidebar","site-content-layout":"page-builder","ast-site-content-layout":"","site-content-style":"default","site-sidebar-style":"default","ast-global-header-display":"","ast-banner-title-visibility":"","ast-main-header-display":"","ast-hfb-above-header-display":"","ast-hfb-below-header-display":"","ast-hfb-mobile-header-display":"","site-post-title":"disabled","ast-breadcrumbs-content":"","ast-featured-img":"disabled","footer-sml-layout":"","theme-transparent-header-meta":"default","adv-header-id-meta":"","stick-header-meta":"default","header-above-stick-meta":"","header-main-stick-meta":"","header-below-stick-meta":"","astra-migrate-meta-layouts":"default","ast-page-background-enabled":"default","ast-page-background-meta":{"desktop":{"background-color":"","background-image":"","background-repeat":"repeat","background-position":"center center","background-size":"auto","background-attachment":"scroll","background-type":"","background-media":"","overlay-type":"","overlay-color":"","overlay-gradient":""},"tablet":{"background-color":"","background-image":"","background-repeat":"repeat","background-position":"center center","background-size":"auto","background-attachment":"scroll","background-type":"","background-media":"","overlay-type":"","overlay-color":"","overlay-gradient":""},"mobile":{"background-color":"","background-image":"","background-repeat":"repeat","background-position":"center center","background-size":"auto","background-attachment":"scroll","background-type":"","background-media":"","overlay-type":"","overlay-color":"","overlay-gradient":""}},"ast-content-background-meta":{"desktop":{"background-color":"var(--ast-global-color-5)","background-image":"","background-repeat":"repeat","background-position":"center center","background-size":"auto","background-attachment":"scroll","background-type":"","background-media":"","overlay-type":"","overlay-color":"","overlay-gradient":""},"tablet":{"background-color":"var(--ast-global-color-5)","background-image":"","background-repeat":"repeat","background-position":"center center","background-size":"auto","background-attachment":"scroll","background-type":"","background-media":"","overlay-type":"","overlay-color":"","overlay-gradient":""},"mobile":{"background-color":"var(--ast-global-color-5)","background-image":"","background-repeat":"repeat","background-position":"center center","background-size":"auto","background-attachment":"scroll","background-type":"","background-media":"","overlay-type":"","overlay-color":"","overlay-gradient":""}},"footnotes":""},"class_list":["post-1113","page","type-page","status-publish","hentry"],"yoast_head":"<!-- This site is optimized with the Yoast SEO Premium plugin v21.6 (Yoast SEO v21.8) - https:\/\/yoast.com\/wordpress\/plugins\/seo\/ -->\n<title>Presse -<\/title>\n<meta name=\"robots\" content=\"index, follow, max-snippet:-1, max-image-preview:large, max-video-preview:-1\" \/>\n<link rel=\"canonical\" href=\"https:\/\/maxundconsorten.de\/index.php\/presse\/\" \/>\n<meta property=\"og:locale\" content=\"de_DE\" \/>\n<meta property=\"og:type\" content=\"article\" \/>\n<meta property=\"og:title\" content=\"Presse\" \/>\n<meta property=\"og:description\" content=\"Presseberichte \u00fcber das Max &amp; Consorten \u00a0 \u00dcber das Max &amp; Co ist schon viel gesagt und geschrieben worden. Hier ein paar aktuelle und \u00e4ltere Fundst\u00fccke: Gentrifizierung: Aus f\u00fcr Kneipe \u201cMax&amp;Consorten\u00a0(Hamburger Abendblatt) Max&amp;Consorten schliesst\u00a0(From Town To Town) Diese Kneipe in St.Georg ist unwiderruflich kaputt\u00a0(Schanzenblog) Nix mehr Max, nix Consorten\u00a0(2mecs) http:\/\/youtube.com\/watch?v=j-W75zIc5LU Mopo vom Mai 2004 anl\u00e4sslich &hellip; Presse Read More \u00bb\" \/>\n<meta property=\"og:url\" content=\"https:\/\/maxundconsorten.de\/index.php\/presse\/\" \/>\n<meta property=\"article:publisher\" content=\"https:\/\/www.facebook.com\/MaxundConsorten\/\" \/>\n<meta property=\"article:modified_time\" content=\"2021-05-19T16:13:47+00:00\" \/>\n<meta property=\"og:image\" content=\"https:\/\/maxundconsorten.de\/wp-content\/uploads\/2021\/04\/Mopo_040504-1.jpg\" \/>\n<meta name=\"twitter:card\" content=\"summary_large_image\" \/>\n<meta name=\"twitter:label1\" content=\"Gesch\u00e4tzte Lesezeit\" \/>\n\t<meta name=\"twitter:data1\" content=\"1\u00a0Minute\" \/>\n<script type=\"application\/ld+json\" class=\"yoast-schema-graph\">{\"@context\":\"https:\/\/schema.org\",\"@graph\":[{\"@type\":\"WebPage\",\"@id\":\"https:\/\/maxundconsorten.de\/index.php\/presse\/\",\"url\":\"https:\/\/maxundconsorten.de\/index.php\/presse\/\",\"name\":\"Presse -\",\"isPartOf\":{\"@id\":\"https:\/\/maxundconsorten.de\/#website\"},\"datePublished\":\"2021-04-08T14:04:54+00:00\",\"dateModified\":\"2021-05-19T16:13:47+00:00\",\"breadcrumb\":{\"@id\":\"https:\/\/maxundconsorten.de\/index.php\/presse\/#breadcrumb\"},\"inLanguage\":\"de\",\"potentialAction\":[{\"@type\":\"ReadAction\",\"target\":[\"https:\/\/maxundconsorten.de\/index.php\/presse\/\"]}]},{\"@type\":\"BreadcrumbList\",\"@id\":\"https:\/\/maxundconsorten.de\/index.php\/presse\/#breadcrumb\",\"itemListElement\":[{\"@type\":\"ListItem\",\"position\":1,\"name\":\"Startseite\",\"item\":\"https:\/\/maxundconsorten.de\/\"},{\"@type\":\"ListItem\",\"position\":2,\"name\":\"Presse\"}]},{\"@type\":\"WebSite\",\"@id\":\"https:\/\/maxundconsorten.de\/#website\",\"url\":\"https:\/\/maxundconsorten.de\/\",\"name\":\"Max & Consorten\",\"description\":\"\",\"publisher\":{\"@id\":\"https:\/\/maxundconsorten.de\/#organization\"},\"alternateName\":\"Max & Co.\",\"potentialAction\":[{\"@type\":\"SearchAction\",\"target\":{\"@type\":\"EntryPoint\",\"urlTemplate\":\"https:\/\/maxundconsorten.de\/?s={search_term_string}\"},\"query-input\":\"required name=search_term_string\"}],\"inLanguage\":\"de\"},{\"@type\":\"Organization\",\"@id\":\"https:\/\/maxundconsorten.de\/#organization\",\"name\":\"Max und Consorten\",\"url\":\"https:\/\/maxundconsorten.de\/\",\"logo\":{\"@type\":\"ImageObject\",\"inLanguage\":\"de\",\"@id\":\"https:\/\/maxundconsorten.de\/#\/schema\/logo\/image\/\",\"url\":\"https:\/\/i0.wp.com\/maxundconsorten.de\/wp-content\/uploads\/2021\/03\/Max_und_Consorten_Logo.png?fit=1920%2C1232&ssl=1\",\"contentUrl\":\"https:\/\/i0.wp.com\/maxundconsorten.de\/wp-content\/uploads\/2021\/03\/Max_und_Consorten_Logo.png?fit=1920%2C1232&ssl=1\",\"width\":1920,\"height\":1232,\"caption\":\"Max und Consorten\"},\"image\":{\"@id\":\"https:\/\/maxundconsorten.de\/#\/schema\/logo\/image\/\"},\"sameAs\":[\"https:\/\/www.facebook.com\/MaxundConsorten\/\",\"https:\/\/www.instagram.com\/maxundconsorten\/\"]}]}<\/script>\n<!-- \/ Yoast SEO Premium plugin. -->","yoast_head_json":{"title":"Presse -","robots":{"index":"index","follow":"follow","max-snippet":"max-snippet:-1","max-image-preview":"max-image-preview:large","max-video-preview":"max-video-preview:-1"},"canonical":"https:\/\/maxundconsorten.de\/index.php\/presse\/","og_locale":"de_DE","og_type":"article","og_title":"Presse","og_description":"Presseberichte \u00fcber das Max &amp; Consorten \u00a0 \u00dcber das Max &amp; Co ist schon viel gesagt und geschrieben worden. Hier ein paar aktuelle und \u00e4ltere Fundst\u00fccke: Gentrifizierung: Aus f\u00fcr Kneipe \u201cMax&amp;Consorten\u00a0(Hamburger Abendblatt) Max&amp;Consorten schliesst\u00a0(From Town To Town) Diese Kneipe in St.Georg ist unwiderruflich kaputt\u00a0(Schanzenblog) Nix mehr Max, nix Consorten\u00a0(2mecs) http:\/\/youtube.com\/watch?v=j-W75zIc5LU Mopo vom Mai 2004 anl\u00e4sslich &hellip; Presse Read More \u00bb","og_url":"https:\/\/maxundconsorten.de\/index.php\/presse\/","article_publisher":"https:\/\/www.facebook.com\/MaxundConsorten\/","article_modified_time":"2021-05-19T16:13:47+00:00","og_image":[{"url":"https:\/\/maxundconsorten.de\/wp-content\/uploads\/2021\/04\/Mopo_040504-1.jpg"}],"twitter_card":"summary_large_image","twitter_misc":{"Gesch\u00e4tzte Lesezeit":"1\u00a0Minute"},"schema":{"@context":"https:\/\/schema.org","@graph":[{"@type":"WebPage","@id":"https:\/\/maxundconsorten.de\/index.php\/presse\/","url":"https:\/\/maxundconsorten.de\/index.php\/presse\/","name":"Presse -","isPartOf":{"@id":"https:\/\/maxundconsorten.de\/#website"},"datePublished":"2021-04-08T14:04:54+00:00","dateModified":"2021-05-19T16:13:47+00:00","breadcrumb":{"@id":"https:\/\/maxundconsorten.de\/index.php\/presse\/#breadcrumb"},"inLanguage":"de","potentialAction":[{"@type":"ReadAction","target":["https:\/\/maxundconsorten.de\/index.php\/presse\/"]}]},{"@type":"BreadcrumbList","@id":"https:\/\/maxundconsorten.de\/index.php\/presse\/#breadcrumb","itemListElement":[{"@type":"ListItem","position":1,"name":"Startseite","item":"https:\/\/maxundconsorten.de\/"},{"@type":"ListItem","position":2,"name":"Presse"}]},{"@type":"WebSite","@id":"https:\/\/maxundconsorten.de\/#website","url":"https:\/\/maxundconsorten.de\/","name":"Max & Consorten","description":"","publisher":{"@id":"https:\/\/maxundconsorten.de\/#organization"},"alternateName":"Max & Co.","potentialAction":[{"@type":"SearchAction","target":{"@type":"EntryPoint","urlTemplate":"https:\/\/maxundconsorten.de\/?s={search_term_string}"},"query-input":"required name=search_term_string"}],"inLanguage":"de"},{"@type":"Organization","@id":"https:\/\/maxundconsorten.de\/#organization","name":"Max und Consorten","url":"https:\/\/maxundconsorten.de\/","logo":{"@type":"ImageObject","inLanguage":"de","@id":"https:\/\/maxundconsorten.de\/#\/schema\/logo\/image\/","url":"https:\/\/i0.wp.com\/maxundconsorten.de\/wp-content\/uploads\/2021\/03\/Max_und_Consorten_Logo.png?fit=1920%2C1232&ssl=1","contentUrl":"https:\/\/i0.wp.com\/maxundconsorten.de\/wp-content\/uploads\/2021\/03\/Max_und_Consorten_Logo.png?fit=1920%2C1232&ssl=1","width":1920,"height":1232,"caption":"Max und Consorten"},"image":{"@id":"https:\/\/maxundconsorten.de\/#\/schema\/logo\/image\/"},"sameAs":["https:\/\/www.facebook.com\/MaxundConsorten\/","https:\/\/www.instagram.com\/maxundconsorten\/"]}]}},"jetpack_sharing_enabled":true,"_links":{"self":[{"href":"https:\/\/maxundconsorten.de\/index.php\/wp-json\/wp\/v2\/pages\/1113","targetHints":{"allow":["GET"]}}],"collection":[{"href":"https:\/\/maxundconsorten.de\/index.php\/wp-json\/wp\/v2\/pages"}],"about":[{"href":"https:\/\/maxundconsorten.de\/index.php\/wp-json\/wp\/v2\/types\/page"}],"author":[{"embeddable":true,"href":"https:\/\/maxundconsorten.de\/index.php\/wp-json\/wp\/v2\/users\/1"}],"replies":[{"embeddable":true,"href":"https:\/\/maxundconsorten.de\/index.php\/wp-json\/wp\/v2\/comments?post=1113"}],"version-history":[{"count":24,"href":"https:\/\/maxundconsorten.de\/index.php\/wp-json\/wp\/v2\/pages\/1113\/revisions"}],"predecessor-version":[{"id":1338,"href":"https:\/\/maxundconsorten.de\/index.php\/wp-json\/wp\/v2\/pages\/1113\/revisions\/1338"}],"wp:attachment":[{"href":"https:\/\/maxundconsorten.de\/index.php\/wp-json\/wp\/v2\/media?parent=1113"}],"curies":[{"name":"wp","href":"https:\/\/api.w.org\/{rel}","templated":true}]}}